{"id":4506,"date":"2025-07-30T11:47:56","date_gmt":"2025-07-30T09:47:56","guid":{"rendered":"https:\/\/florijnshipspares.com\/product\/jel-products-dcbright-lamp-or-156-orca\/"},"modified":"2025-07-30T11:51:37","modified_gmt":"2025-07-30T09:51:37","slug":"jel-products-dcbright-lamp-or-156-orca","status":"publish","type":"product","link":"https:\/\/florijnshipspares.com\/nl\/product\/jel-products-dcbright-lamp-or-156-orca\/","title":{"rendered":"JEL Products DCbright Lamp OR-156 &#8216;Orca&#8217;"},"content":{"rendered":"<p>De Orca LED Floodlight van DCbright verlegt grenzen in industri\u00eble verlichting. Ge\u00efnspireerd door de majestueuze kracht van zijn naamgenoot in de oceaan, staat de Orca synoniem voor onge\u00ebvenaarde sterkte en duurzaamheid. Er is geen LED alternatief dat robuuster noch feller is, zelfs tegenover de beproefde conventionele floodlights heeft de Orca de overhand dankzij geavanceerde technologie en ontwerp.<\/p>\n<p><strong>Ontworpen voor de zwaarste omstandigheden<\/strong><br \/>\nSpeciaal ontworpen om de extreme uitdagingen van de Australische mijnbouw te doorstaan, biedt de Orca onverzettelijke betrouwbaarheid. De zorgvuldig ontwikkelde behuizing zorgt voor optimale warmtegeleiding, terwijl de hoogwaardige elektronische componenten zorgen voor een topprestatie in lichtopbrengst.<\/p>\n<p>Of het nu gaat om zware machines zoals kranen, mijnshovels en -graafmachines of om lichtmasten die er omheen staan, de Orca is de uitgelezen keuze. Dankzij zijn uitmuntende stof\/water en corrosiebestendigheid is hij ook ideaal voor commerci\u00eble scheepvaart, visserijvaartuigen en offshore toepassingen. <\/p>\n<p><strong>Innovatief Nederlands Ontwerp<\/strong><br \/>\nVervaardigd uit hoogwaardige materialen, zijn de lenzen van deze floodlights een kerncomponent voor effici\u00ebnte lichtgeleiding. Deze maximaliseren de lichtopbrengst en sturen het licht effectief van de LED\u2019s naar de gewenste locatie. Afhankelijk van uw behoeften kunt u kiezen uit vier lenstypen: 69\u00b0 of 38\u00b0 breedstraler, 13\u00b0 verstraler of 14\u00d746\u00b0 flarelens. Maar u kunt er ook voor kiezen om u door een van onze experts op maat te laten adviseren.<\/p>\n<p>Vol trots ontwikkeld in Nederland, toont de Orca het beste van innovatief design en engineering. De strategisch geplaatste koelribben zorgen voor een maximale warmteafvoer, waardoor de LED-prestaties worden geoptimaliseerd. Onafhankelijke tests hebben aangetoond dat onze Orca floodlight tot twee keer helderder is dan de concurrentie bij vergelijkbaar stroomverbruik. Maar in zijn klasse is het zelfs het enigste armatuur dat ver boven de 100.00lumen uitstijgt.<\/p>\n<p>Kiezen voor de Orca betekent kiezen voor kwaliteit en betrouwbaarheid. Geniet van een indrukwekkende standaardgarantie van 5 jaar bij industri\u00eble toepassing en een verwachte levensduur van 145.000 uur (L80B10). Onze duurzame coating bestaat voor 93% uit titanium en met superieure beschermingsgraden en elektronische beveiligingen, is uw investering veilig.<\/p>\n<p><strong>Productspecificaties<\/strong><br \/>\n<u>OR156 AC (Wisselspanning)<\/u><br \/>\nGeschikt voor gebruik in wisselspanning installaties OR156-800AC<br \/>\nLichtsterkte: 111.300 lumen<br \/>\nEffici\u00ebntie: 139 lumen \/ Watt<br \/>\nStroomverbruik: 800W<br \/>\nNominale spanning: 180-528VAC<\/p>\n<p><u>OR156 DC (Gelijkspanning)<\/u><br \/>\nGeschikt voor gebruik in gelijkspanning installaties OR156-800DC<br \/>\nLichtsterkte: 100.200 lumen<br \/>\nEffici\u00ebntie: 125 lumen \/ Watt<br \/>\nStroomverbruik: 800W<br \/>\nNominale spanning: 24V (20-35V)<\/p>\n<p><strong>Armatuur specificaties<\/strong><\/p>\n<ul>\n<li>IP-classificatie: IP69K<\/li>\n<li>Impact rating: IK10<\/li>\n<li>CRI (Ra): &gt;70<\/li>\n<li>Bedrijfstemperatuurbereik: -30\u00b0C t\/m +50\u00b0C<\/li>\n<li>Levensduur (TM21): 145 000 uur \u2013 L80B10<\/li>\n<li>Materiaal lampbehuizing: Aluminiumlegering (conversie laag &amp; 2-lagen e-coating op titanium basis)<\/li>\n<li>Materiaal lampbeugel: Hoge sterkte roestvrij staal 316 voorzien van een 2-laags poedercoating<\/li>\n<li>Voorkant materiaal: UV gecoat polycarbonaat, desgewenst kan dit ook als slagvast glas (IK09).<\/li>\n<li>Kleur: Grijs<\/li>\n<li>Kabeltype: Siliconen of PUR<\/li>\n<li>bKabellengte: 2 m<\/li>\n<\/ul>\n<p><strong>Gewicht en verpakking<\/strong><\/p>\n<ul>\n<li>Lamp gewicht: 18.2 kg<\/li>\n<li>Bracket gewicht: 2.9 kg<\/li>\n<li>Bruto gewicht: 22.7 kg<\/li>\n<li>Product afmetingen: 515 x 440 x 95 mm<\/li>\n<li>Verpakkingsafmetingen: 570 x 505 x 165 mm<\/li>\n<\/ul>\n<p><strong>Beschikbare modelopties<\/strong><\/p>\n<ul>\n<li>Lenshoeken: 70\u00ba | 38\u00ba | 14\u00d746\u00ba | 14\u00ba<\/li>\n<li>Kantel mogelijkheid: 240\u00ba in 30\u00ba stappen<\/li>\n<li>Lichtstraal kleur: 6500K (andere kleuren op aanvraag)<\/li>\n<\/ul>\n<p><i>5 jaar Garantie <\/i><u><\/u><\/p>\n<hr>\n<p><strong><\/strong><\/p>\n","protected":false},"excerpt":{"rendered":"<p>De Orca LED Floodlight van DCbright verlegt grenzen in industri\u00eble verlichting. Ge\u00efnspireerd door de majestueuze kracht van zijn naamgenoot in de oceaan, staat de Orca synoniem voor onge\u00ebvenaarde sterkte en duurzaamheid. Er is geen LED alternatief dat robuuster noch feller is, zelfs tegenover de beproefde conventionele floodlights heeft de Orca de overhand dankzij geavanceerde technologie [&#8230;]\n","protected":false},"featured_media":4508,"comment_status":"closed","ping_status":"open","template":"","meta":{"_acf_changed":false},"product_brand":[],"product_cat":[1130,1136],"product_tag":[],"class_list":{"0":"post-4506","1":"product","2":"type-product","3":"status-publish","4":"has-post-thumbnail","6":"product_cat-dekuitrusting","7":"product_cat-dekverlichting","9":"first","10":"instock","11":"sold-individually","12":"purchasable","13":"product-type-simple"},"acf":[],"_links":{"self":[{"href":"https:\/\/florijnshipspares.com\/nl\/wp-json\/wp\/v2\/product\/4506","targetHints":{"allow":["GET"]}}],"collection":[{"href":"https:\/\/florijnshipspares.com\/nl\/wp-json\/wp\/v2\/product"}],"about":[{"href":"https:\/\/florijnshipspares.com\/nl\/wp-json\/wp\/v2\/types\/product"}],"replies":[{"embeddable":true,"href":"https:\/\/florijnshipspares.com\/nl\/wp-json\/wp\/v2\/comments?post=4506"}],"wp:featuredmedia":[{"embeddable":true,"href":"https:\/\/florijnshipspares.com\/nl\/wp-json\/wp\/v2\/media\/4508"}],"wp:attachment":[{"href":"https:\/\/florijnshipspares.com\/nl\/wp-json\/wp\/v2\/media?parent=4506"}],"wp:term":[{"taxonomy":"product_brand","embeddable":true,"href":"https:\/\/florijnshipspares.com\/nl\/wp-json\/wp\/v2\/product_brand?post=4506"},{"taxonomy":"product_cat","embeddable":true,"href":"https:\/\/florijnshipspares.com\/nl\/wp-json\/wp\/v2\/product_cat?post=4506"},{"taxonomy":"product_tag","embeddable":true,"href":"https:\/\/florijnshipspares.com\/nl\/wp-json\/wp\/v2\/product_tag?post=4506"}],"curies":[{"name":"wp","href":"https:\/\/api.w.org\/{rel}","templated":true}]}}