{"id":4579,"date":"2025-07-30T16:52:00","date_gmt":"2025-07-30T14:52:00","guid":{"rendered":"https:\/\/florijnshipspares.com\/product\/meridian-5g-m-routers\/"},"modified":"2025-07-30T16:53:57","modified_gmt":"2025-07-30T14:53:57","slug":"meridian-5g-m-routers","status":"publish","type":"product","link":"https:\/\/florijnshipspares.com\/nl\/product\/meridian-5g-m-routers\/","title":{"rendered":"Meridian 5G M Routers"},"content":{"rendered":"<p>Routers vormen het verbindende deel tussen de panelen en uw systeem netwerk. De router maakt uw interface beschikbaar tussen de panelen en de interface-opstelling. Alle gegevens worden via de M-router naar het systeem verzonden, zodat u actuele informatie over de functionaliteit van het systeem kunt zien. <strong>Zie het Meridian gebruikersomgeving handleiding document.<\/strong><\/p>\n<p><strong>Overzicht van alle beschikbare M-routers<\/strong><br \/>\nDe M-routers hebben de volgende kenmerken:<br \/>\n(Alle M-routers zijn bedoeld voor installatie met een bestaande antenne-opstelling en bevatten geen antennes.)<\/p>\n<p><strong>Overzicht:<\/strong><\/p>\n<ul>\n<li>5G-modem(s) met 2 push-pull SIM-slots (Nano, 4FF); 4x SMA(f)-connectoren per modem<\/li>\n<li>WiFi 6 bridge en access-point-modus; 2x RP-SMA(f)-connectoren; MU-MiMo<\/li>\n<li>Dual-LEO-connectiviteit (bijv. Starlink Maritime).<\/li>\n<li>Montage: muur, plafond of DIN-rail<\/li>\n<li>Vermogen: 120W piekbelasting. DC 8..35V (24V aanbevolen) &#8211; klemblok<\/li>\n<li>Netwerk: 3x RJ45 2,5Gbps (100\/1000Mbps compatibel), daarvan 2x PoE+ 30<\/li>\n<\/ul>\n<p><strong>M1-R (robuust):<\/strong><\/p>\n<ul>\n<li>Bedoeld voor installaties bovendeks, zoals in bestaande koepels aan de basis enz<\/li>\n<li>E\u00e9n 5G-modem<\/li>\n<li>Bedrijfstemperatuur: -40\u00b0 tot +85\u00b0C<\/li>\n<\/ul>\n<p><strong>M1-R (robuuste) specificaties:<\/strong><\/p>\n<ul>\n<li>5G-modem met 2 push-pull SIM-slots (Nano, 4FF); 4x SMA(f)-connectoren<\/li>\n<li>WiFi 6 bridge en access-point-modus; 2x RP-SMA(f)-connectoren; MU-MiMo<\/li>\n<li>Verbindingsverbinding of load-balancing-modi<\/li>\n<li>Kan worden gebruikt om meerdere LEO-schotels\/panelen (bijv. Starlink Maritime) aan te sluiten en te verbinden met 5G<\/li>\n<li>Dual-LEO-connectiviteit (bijv. Starlink Maritime)<\/li>\n<\/ul>\n<ul>\n<li>Afmetingen: 153 mm (breedte), 108 mm (diepte), 72 mm (hoogte)<\/li>\n<li>Gewicht: 2kg<\/li>\n<li>Montage: muur, plafond of DIN-rail<\/li>\n<li>Bedrijfstemperatuur: -40\u00b0 tot +85\u00b0C<\/li>\n<li>Vermogen: 120W piekbelasting. DC 8..35V (24V aanbevolen) &#8211; klemmenblok<\/li>\n<li>Netwerk: 3x RJ45 2,5Gbps (100\/1000Mbps compatibel), daarvan 2x PoE+ 30W<\/li>\n<\/ul>\n<p><strong>M1-NR (niet-robuust):<\/strong><\/p>\n<ul>\n<li>Bedoeld voor installatie in een 19&#8243; rack of iets dergelijks in een omgeving met airconditioning<\/li>\n<li>E\u00e9n 5G-modem<\/li>\n<li>Bedrijfstemperatuur: 10\u00b0-40\u00b0C, niet-condenserend<\/li>\n<\/ul>\n<p><strong>M2-R:<\/strong><\/p>\n<ul>\n<li>Hetzelfde als M1-R (robuust) maar met 2 modems<\/li>\n<\/ul>\n<p><strong>M2-NR:<\/strong><\/p>\n<ul>\n<li>Hetzelfde als M1-NR, niet-robuust, maar met 2 modems<\/li>\n<\/ul>\n<p><strong>Upgrade-opties<\/strong><br \/>\nVoor gevallen waarin een meer betaalbare versie nodig is, kunt u kiezen voor een M-router en deze later upgraden met een paneel of twee, als het budget dit toelaat. U kunt ook een eerste installatie van een M-router uitvoeren met \u00e9\u00e9n of twee panelen meegeleverd, zodat u kunt profiteren van beide: de bestaande antenne-opstelling en de unieke kenmerken van de Meridian-panelen. Panelen kosten $ 3000 per stuk.<br \/>\nRobuuste versies van onze M-routers worden meestal bovendeks ge\u00efnstalleerd. Dergelijke installaties kunnen worden ge\u00fcpgraded met een paneel (maximaal 2 panelen mogelijk), meestal ge\u00efnstalleerd in een bestaande VSAT- of TVRO-dome.<\/p>\n<p>Om de upgrade mogelijk te maken, moet aan de volgende criteria worden voldaan:<\/p>\n<ul>\n<li>Afstand: een paneel moet binnen 2 meter afstand van de M-router worden ge\u00efnstalleerd<\/li>\n<li>Paneelmontage: panelen kunnen verticaal of horizontaal worden gemonteerd, maar niet vlak<\/li>\n<li>Montagebeugel: wordt meegeleverd (specificatie op pagina X)<\/li>\n<li>Bekabeling vereist: kabel om het paneel aan te sluiten is een USB 3.2-kabel met USB-C-connector<\/li>\n<li>Bedrijfstemperatuur: -40\u00b0 tot +75\u00b0C<\/li>\n<li>Optioneel: SIM-extender kan worden toegevoegd<\/li>\n<\/ul>\n<p><i><u>Opmerking: voor een 100% goed werkend systeem wordt een niet-geblokkeerde horizontale zichtlijn van 360\u00b0 aanbevolen.<\/u><\/i><\/p>\n<hr>\n<p><strong><br \/>\n<\/strong><\/p>\n","protected":false},"excerpt":{"rendered":"<p>Routers vormen het verbindende deel tussen de panelen en uw systeem netwerk. De router maakt uw interface beschikbaar tussen de panelen en de interface-opstelling. Alle gegevens worden via de M-router naar het systeem verzonden, zodat u actuele informatie over de functionaliteit van het systeem kunt zien. Zie het Meridian gebruikersomgeving handleiding document. Overzicht van alle [&#8230;]\n","protected":false},"featured_media":4580,"comment_status":"closed","ping_status":"open","template":"","meta":{"_acf_changed":false},"product_brand":[3243],"product_cat":[1174,1162,1179],"product_tag":[],"class_list":{"0":"post-4579","1":"product","2":"type-product","3":"status-publish","4":"has-post-thumbnail","6":"product_brand-meridian-5g","7":"product_cat-4g_en_5g_internet_systemen","8":"product_cat-luxe","9":"product_cat-routers_4g_en_5g_internet_systemen","11":"first","12":"instock","13":"sold-individually","14":"purchasable","15":"product-type-simple"},"acf":[],"_links":{"self":[{"href":"https:\/\/florijnshipspares.com\/nl\/wp-json\/wp\/v2\/product\/4579","targetHints":{"allow":["GET"]}}],"collection":[{"href":"https:\/\/florijnshipspares.com\/nl\/wp-json\/wp\/v2\/product"}],"about":[{"href":"https:\/\/florijnshipspares.com\/nl\/wp-json\/wp\/v2\/types\/product"}],"replies":[{"embeddable":true,"href":"https:\/\/florijnshipspares.com\/nl\/wp-json\/wp\/v2\/comments?post=4579"}],"wp:featuredmedia":[{"embeddable":true,"href":"https:\/\/florijnshipspares.com\/nl\/wp-json\/wp\/v2\/media\/4580"}],"wp:attachment":[{"href":"https:\/\/florijnshipspares.com\/nl\/wp-json\/wp\/v2\/media?parent=4579"}],"wp:term":[{"taxonomy":"product_brand","embeddable":true,"href":"https:\/\/florijnshipspares.com\/nl\/wp-json\/wp\/v2\/product_brand?post=4579"},{"taxonomy":"product_cat","embeddable":true,"href":"https:\/\/florijnshipspares.com\/nl\/wp-json\/wp\/v2\/product_cat?post=4579"},{"taxonomy":"product_tag","embeddable":true,"href":"https:\/\/florijnshipspares.com\/nl\/wp-json\/wp\/v2\/product_tag?post=4579"}],"curies":[{"name":"wp","href":"https:\/\/api.w.org\/{rel}","templated":true}]}}