{"id":4851,"date":"2025-07-30T19:14:53","date_gmt":"2025-07-30T17:14:53","guid":{"rendered":"https:\/\/florijnshipspares.com\/product\/uad-horizontale-niveauschakelaar-type-lsg\/"},"modified":"2025-07-30T19:20:55","modified_gmt":"2025-07-30T17:20:55","slug":"uad-horizontale-niveauschakelaar-type-lsg","status":"publish","type":"product","link":"https:\/\/florijnshipspares.com\/nl\/product\/uad-horizontale-niveauschakelaar-type-lsg\/","title":{"rendered":"UAD horizontale niveauschakelaar type LSG"},"content":{"rendered":"<p><strong>Korte beschrijving<\/strong><br \/>\nDe niveauschakelaar type LSA is ontworpen voor veelzijdige toepassingen in de scheepsbouw en installatietechniek. De constructie bestaat uit een robuuste behuizing met ge\u00efntegreerde flensverbinding uit \u00e9\u00e9n stuk zonder afdichtingen of lasnaden en een in zijn geheel gelaste RVS vlotter.<\/p>\n<p>Het deksel van de behuizing is afgedicht met een O-ring en de krimpkous bij de kabel maakt het IP68 beschermd. De unit kan worden omgebouwd tot een Exd-versie zonder dat deze hoeft te worden verwijderd, wat de aanschaf en installatie vereenvoudigt.<\/p>\n<p><strong>Principe erachter <\/strong><br \/>\nHet werkingsprincipe is dat \u00e9\u00e9n permanente magneet deel uitmaakt van een vlotterconstructie die stijgt en daalt met veranderend vloeistofniveau. Een tweede permanente magneet is in de schakelaar geplaatst, zodat de aangrenzende polen van de twee magneten elkaar afstoten.<br \/>\nEen verandering van het vloeistofniveau die de vlotter door zijn toegestane beweging beweegt, zal ervoor zorgen dat de vlottermagneet beweegt en de schakelaar magneet afstoot om de klikschakelaar te laten werken.<\/p>\n<hr>\n<p><strong><br \/>\n<\/strong><\/p>\n","protected":false},"excerpt":{"rendered":"<p>Korte beschrijving De niveauschakelaar type LSA is ontworpen voor veelzijdige toepassingen in de scheepsbouw en installatietechniek. De constructie bestaat uit een robuuste behuizing met ge\u00efntegreerde flensverbinding uit \u00e9\u00e9n stuk zonder afdichtingen of lasnaden en een in zijn geheel gelaste RVS vlotter. Het deksel van de behuizing is afgedicht met een O-ring en de krimpkous bij [&#8230;]\n","protected":false},"featured_media":4854,"comment_status":"closed","ping_status":"open","template":"","meta":{"_acf_changed":false},"product_brand":[3292],"product_cat":[1141,1150,1151],"product_tag":[],"class_list":{"0":"post-4851","1":"product","2":"type-product","3":"status-publish","4":"has-post-thumbnail","6":"product_brand-uad","7":"product_cat-machinekamer","8":"product_cat-niveauschakelaar","9":"product_cat-niveauschakelaar_horizontaal","11":"first","12":"instock","13":"sold-individually","14":"purchasable","15":"product-type-simple"},"acf":[],"_links":{"self":[{"href":"https:\/\/florijnshipspares.com\/nl\/wp-json\/wp\/v2\/product\/4851","targetHints":{"allow":["GET"]}}],"collection":[{"href":"https:\/\/florijnshipspares.com\/nl\/wp-json\/wp\/v2\/product"}],"about":[{"href":"https:\/\/florijnshipspares.com\/nl\/wp-json\/wp\/v2\/types\/product"}],"replies":[{"embeddable":true,"href":"https:\/\/florijnshipspares.com\/nl\/wp-json\/wp\/v2\/comments?post=4851"}],"wp:featuredmedia":[{"embeddable":true,"href":"https:\/\/florijnshipspares.com\/nl\/wp-json\/wp\/v2\/media\/4854"}],"wp:attachment":[{"href":"https:\/\/florijnshipspares.com\/nl\/wp-json\/wp\/v2\/media?parent=4851"}],"wp:term":[{"taxonomy":"product_brand","embeddable":true,"href":"https:\/\/florijnshipspares.com\/nl\/wp-json\/wp\/v2\/product_brand?post=4851"},{"taxonomy":"product_cat","embeddable":true,"href":"https:\/\/florijnshipspares.com\/nl\/wp-json\/wp\/v2\/product_cat?post=4851"},{"taxonomy":"product_tag","embeddable":true,"href":"https:\/\/florijnshipspares.com\/nl\/wp-json\/wp\/v2\/product_tag?post=4851"}],"curies":[{"name":"wp","href":"https:\/\/api.w.org\/{rel}","templated":true}]}}