{"id":4897,"date":"2025-07-30T19:16:28","date_gmt":"2025-07-30T17:16:28","guid":{"rendered":"https:\/\/florijnshipspares.com\/product\/drager-ucf-firevista-warmtebeeldcamera\/"},"modified":"2025-07-30T19:21:00","modified_gmt":"2025-07-30T17:21:00","slug":"drager-ucf-firevista-warmtebeeldcamera","status":"publish","type":"product","link":"https:\/\/florijnshipspares.com\/nl\/product\/drager-ucf-firevista-warmtebeeldcamera\/","title":{"rendered":"Dr\u00e4ger UCF FireVista warmtebeeldcamera"},"content":{"rendered":"<p>Klein, licht, robuust en te bedienen met slechts \u00e9\u00e9n knop, de compacte warmtebeeldcamera Dr\u00e4ger UCF FireVista levert zelfs onder de moeilijkste omstandigheden een uitstekende beeldkwaliteit. De camera is klaar voor onmiddellijk gebruik en biedt de best mogelijke ondersteuning bij brandbestrijding inzetten. Uitstekende kwaliteit voor een bescheiden prijs.<\/p>\n<p><strong>Bij uitstek geschikt voor brandbestrijding<\/strong><br \/>\nWanneer vlammen, rook en duisternis het blussen bemoeilijken, biedt de Dr\u00e4ger warmtebeeldcamera een essentieel ori\u00ebntatiegevoel, dat de brandbestrijders ondersteunt bij het oprukken, het identificeren van de brandhaard en het lokaliseren van slachtoffers. De Dr\u00e4ger UCF FireVista helpt u om gevaarlijke situaties optimaal in te schatten voor extra veiligheid.<\/p>\n<p><strong>Uitstekende beeldkwaliteit<\/strong><br \/>\nZelfs bij slecht zicht produceert de Dr\u00e4ger UCF FireVista uitzonderlijke goede beelden. De camera is geoptimaliseerd voor structurele brandbestrijding en zorgt zelfs bij dichte rook en duisternis voor een helder zicht. Dankzij zijn hoge thermische gevoeligheid detecteert hij betrouwbaar zelfs de kleinste temperatuurverschillen, waardoor u hotspots sneller kunt lokaliseren. Dit betekent dat het getoonde beeld een duidelijk contrast laat zien tussen muren, deuren en trappen. De hoge resolutie en beeldfrequentie zorgen voor een optimale beeldkwaliteit waardoor in een fractie van een seconde een snel overzicht ontstaat. Dit helpt om mensen sneller te vinden wanneer naar hen wordt gezocht. Met een helder zicht kunt u kamers en omliggende zones doorzoeken op brandhaarden of slachtoffers lokaliseren. Deze functies helpen u de inzet snel en veilig te voltooien.<\/p>\n<p><strong>Uiterst duurzaam en hittebestendig<\/strong><br \/>\nZelfs onder de zwaarste gebruiksomstandigheden kunt u vertrouwen op de duurzaamheid en hittebestendigheid van de camera. Dankzij de bijna onverwoestbare buitenschaal is de Dr\u00e4ger UCF FireVista buitengewoon hittebestendig. Hij is ook goed bestand tegen mechanische spanningen die tijdens een inzet optreden. De IP67-beschermingsklasse betekent dat water en stof onder normale bedrijfsomstandigheden geen invloed kunnen hebben.<\/p>\n<p><strong>Comfortabel, licht en handzaam<\/strong><br \/>\nMet een gewicht van slechts 870 g is het \u00e9\u00e9n van de lichtste warmtebeeldcamera\u2019s die momenteel op de markt zijn. Tijdens een inzet geeft dit twee belangrijke voordelen: verhoogde mobiliteit en minimale fysieke belasting voor de gebruiker. De camera is door zijn compacte vormgeving gemakkelijk te hanteren.<\/p>\n<p><strong>Bedieningsgemak met \u00e9\u00e9n knop<\/strong><br \/>\nDe camera heeft bewust geen extra functies en concentreert zich op een optimaal warmtebeeld. Met slechts \u00e9\u00e9n aan\/uit-schakelaar is de camera bijzonder eenvoudig te bedienen. Hij is snel gebruiksklaar en geeft u in enkele seconden alle informatie die u nodig heeft. Dit bespaart u kostbare tijd in kritieke inzetsituaties. Ondanks het compacte ontwerp heeft hij een groot scherm, zodat u ook met anderen samen de situatie kunt beoordelen.<\/p>\n<p><strong>Uiterst duurzaam en hittebestendig<\/strong><br \/>\nZelfs onder de zwaarste gebruiksomstandigheden kunt u vertrouwen op de duurzaamheid en hittebestendigheid van de camera. Dankzij de bijna onverwoestbare buitenschaal is de Dr\u00e4ger UCF FireVista buitengewoon hittebestendig. Hij is ook goed bestand tegen mechanische spanningen die tijdens een inzet optreden. De IP67-beschermingsklasse betekent dat water en stof onder normale bedrijfsomstandigheden geen invloed kunnen hebben.<br \/>\n<strong><br \/>\nBetrouwbaar tijdens gebruik<\/strong><br \/>\nDankzij de krachtige, oplaadbare LiFe PO4-accu is de bedrijfstijd ongeveer vijf uur, wat voldoende speelruimte geeft voor langere inzetten. De camera is vrijwel onderhoudsvrij en de ge\u00efntegreerde accu heeft een levensduur van ongeveer 4000 laadcycli.<\/p>\n<p><strong>Een hoogwaardige warmtebeeldcamera voor een aantrekkelijke prijs<\/strong><br \/>\nDe Dr\u00e4ger UCF FireVista biedt uitstekende beeldkwaliteit tegen een aantrekkelijke prijs, in vertrouwde Dr\u00e4ger kwaliteit. Maak van deze gelegenheid gebruik om uw hulpverleningsteams op grote schaal uit te rusten met een gebruiksvriendelijke en technisch geavanceerde camera.<\/p>\n<hr>\n<p><strong><\/strong><\/p>\n","protected":false},"excerpt":{"rendered":"<p>Klein, licht, robuust en te bedienen met slechts \u00e9\u00e9n knop, de compacte warmtebeeldcamera Dr\u00e4ger UCF FireVista levert zelfs onder de moeilijkste omstandigheden een uitstekende beeldkwaliteit. De camera is klaar voor onmiddellijk gebruik en biedt de best mogelijke ondersteuning bij brandbestrijding inzetten. Uitstekende kwaliteit voor een bescheiden prijs. Bij uitstek geschikt voor brandbestrijding Wanneer vlammen, rook [&#8230;]\n","protected":false},"featured_media":4898,"comment_status":"closed","ping_status":"open","template":"","meta":{"_acf_changed":false},"product_brand":[3272],"product_cat":[1184,1183,1185],"product_tag":[],"class_list":{"0":"post-4897","1":"product","2":"type-product","3":"status-publish","4":"has-post-thumbnail","6":"product_brand-drager","7":"product_cat-detectie_apparatuur","8":"product_cat-veiligheid","9":"product_cat-warmtedetectie","11":"first","12":"instock","13":"sold-individually","14":"purchasable","15":"product-type-simple"},"acf":[],"_links":{"self":[{"href":"https:\/\/florijnshipspares.com\/nl\/wp-json\/wp\/v2\/product\/4897","targetHints":{"allow":["GET"]}}],"collection":[{"href":"https:\/\/florijnshipspares.com\/nl\/wp-json\/wp\/v2\/product"}],"about":[{"href":"https:\/\/florijnshipspares.com\/nl\/wp-json\/wp\/v2\/types\/product"}],"replies":[{"embeddable":true,"href":"https:\/\/florijnshipspares.com\/nl\/wp-json\/wp\/v2\/comments?post=4897"}],"wp:featuredmedia":[{"embeddable":true,"href":"https:\/\/florijnshipspares.com\/nl\/wp-json\/wp\/v2\/media\/4898"}],"wp:attachment":[{"href":"https:\/\/florijnshipspares.com\/nl\/wp-json\/wp\/v2\/media?parent=4897"}],"wp:term":[{"taxonomy":"product_brand","embeddable":true,"href":"https:\/\/florijnshipspares.com\/nl\/wp-json\/wp\/v2\/product_brand?post=4897"},{"taxonomy":"product_cat","embeddable":true,"href":"https:\/\/florijnshipspares.com\/nl\/wp-json\/wp\/v2\/product_cat?post=4897"},{"taxonomy":"product_tag","embeddable":true,"href":"https:\/\/florijnshipspares.com\/nl\/wp-json\/wp\/v2\/product_tag?post=4897"}],"curies":[{"name":"wp","href":"https:\/\/api.w.org\/{rel}","templated":true}]}}