{"id":4908,"date":"2025-07-30T19:16:46","date_gmt":"2025-07-30T17:16:46","guid":{"rendered":"https:\/\/florijnshipspares.com\/product\/drager-ucf-9000-warmtebeeldcamera-standaard-of-gost\/"},"modified":"2025-07-30T19:21:03","modified_gmt":"2025-07-30T17:21:03","slug":"drager-ucf-9000-warmtebeeldcamera-standaard-of-gost","status":"publish","type":"product","link":"https:\/\/florijnshipspares.com\/nl\/product\/drager-ucf-9000-warmtebeeldcamera-standaard-of-gost\/","title":{"rendered":"Dr\u00e4ger UCF 9000 Warmtebeeldcamera standaard of GOST"},"content":{"rendered":"<p>De Dr\u00e4ger UCF 9000 warmtebeeldcamera is een thermische en digitale camera in \u00e9\u00e9n. Hiermee beschikt u over een goede uitrusting, zelfs voor complexe taken van brandbestrijding en inzetten met gevaarlijke stoffen in Ex-zone 1 tot opsporen van personen en registratie van trainingen. De UCF 9000 is ook geschikt voor alle offshore toepassingen.<\/p>\n<p><strong>U heeft altijd \u00e9\u00e9n hand vrij<\/strong><br \/>\nNet als alle Dr\u00e4ger UCF warmtebeeldcamera&#8217;s is de UCF 9000 zeer compact. Met de hand waarmee u de camera vast heeft, bedient u gemakkelijk met duim of wijsvinger alle knoppen, toetsen en functies. Hierdoor blijft altijd \u00e9\u00e9n hand vrij: een uiterst waardevol pluspunt dat de gebruiker extra bewegingsvrijheid biedt. Een zeer robuuste &#8220;kruipplaat&#8221; die aan als afneembare voet aan de camera bevestigd kan worden, stelt de gebruiker in staat om op de grond te steunen zonder de camera te moeten loslaten. Ook zijn er diverse draagopties voor een optimaal draagcomfort.<\/p>\n<p><strong>Kristalheldere weergave<\/strong><br \/>\nZelfs als het zicht zeer slecht is, zal de Dr\u00e4ger UCF 9000 voor de allerbeste beeldkwaliteit en gedetailleerde precisie zorgen. Met 384 x 288 pixels biedt de camera een extreem hoge resolutie, waarmee 44% meer details weergeven worden dan andere warmtebeeldcamera&#8217;s voor brandblus werkzaamheden. Het 57\u00b0 (Horizontale) zichtveld biedt u een extra ruim zicht op de situatie. Om de omgeving nog dichterbij te brengen, heeft u de mogelijkheid om de 4-voudige zoom te gebruiken bovenop de 2-voudige zoom.<\/p>\n<p><strong>Warmtebeeld of actuele weergave vastleggen<\/strong><br \/>\nIn tegenstelling tot de Dr\u00e4ger UCF 7000, kan de Dr\u00e4ger UCF 9000 films en individuele foto&#8217;s vastleggen. Niet alleen van de weergegeven warmtebeelden, maar ook van het normale digitale beeld. Met deze optie kunt u een live opname maken van echte operationele activiteiten en trainingssituaties en kunt u deze op een beeldscherm ter plaatse evalueren met de afspeelfunctie.<\/p>\n<p><strong>De UCF basisfuncties<\/strong><\/p>\n<ul>\n<li>Laserpointer: gebruik de laserpointer bijvoorbeeld om hittebronnen aan te wijzen of om het vloeistofniveau van een tank te markeren<\/li>\n<li>Snapshot-functie: om een hoekje kijken en het beeld bevriezen om de situatie in veiligheid te beoordelen<\/li>\n<li>Vergroot dynamisch bereik: detecteert personen en voorwerpen zeer gedetailleerd, zelfs dicht bij de brandhaard<\/li>\n<li>Snelle sluiter: mis geen informatie omdat de detector zichzelf kalibreert of als u naar een andere gebruiksmodus overschakelt<\/li>\n<\/ul>\n<p><strong>Acht extra beeldmodus<\/strong><\/p>\n<ul>\n<li>Brand (Brandbestrijding)<\/li>\n<li>Personen (Search &amp; rescue)<\/li>\n<li>Thermische scan (Zoeken naar hotspots)<\/li>\n<li>Open terrein (Zoeken naar personen in de buitenlucht)<\/li>\n<li>Gevaarlijke stoffen (Lekkage detectie en peil-indicatoren)<\/li>\n<li>Scan PLUS (Zoeken naar warmtebronnen in normaal beeld)<\/li>\n<li>Normaal beeld (Documenteren van situaties)<\/li>\n<li>Gebruikerspecifiek 1 (Door gebruiker gedefinieerd)<\/li>\n<\/ul>\n<p><strong>Geen opnamestop bij volle geheugenkaart<\/strong><br \/>\nIndien de opnamecapaciteit van ongeveer twee uur vol is, zal de blackbox van de Dr\u00e4ger UCF 9000, net als bij de Dr\u00e4ger UCF 7000 doorlopende registratie van de warmtebeeld opnames waarborgen. Indien het geheugen vol is, zal de camera simpelweg beginnen met opnemen over het begin van de registratie. De opnamen zullen automatisch voortgezet worden.<\/p>\n<p><strong>Bijkomende voordelen<\/strong><\/p>\n<ul>\n<li>Intu\u00eftief gebruik: gemakkelijke en veilige bediening, zelfs onder zware, ruwe omstandigheden<\/li>\n<li>De schermhelderheid past zich automatisch aan de omgeving aan<\/li>\n<li>Gemakkelijk te lezen statusinformatie<\/li>\n<li>Moderne lithium-ion accu levert ongeveer vier uur gebruikstijd<\/li>\n<li>Accu gaat langer mee door automatische stand-by<\/li>\n<li>Verschillende bevestigingsopties (Bijv. nek draagband of uittrekbare karabijnhaak)<\/li>\n<li>Groot aantal accessoires (Bijv. transportkist, voertuiglader, diverse statieven, etc.)<\/li>\n<\/ul>\n<hr>\n<p><strong><\/p>\n<p> <\/strong><\/p>\n","protected":false},"excerpt":{"rendered":"<p>De Dr\u00e4ger UCF 9000 warmtebeeldcamera is een thermische en digitale camera in \u00e9\u00e9n. Hiermee beschikt u over een goede uitrusting, zelfs voor complexe taken van brandbestrijding en inzetten met gevaarlijke stoffen in Ex-zone 1 tot opsporen van personen en registratie van trainingen. De UCF 9000 is ook geschikt voor alle offshore toepassingen. U heeft altijd [&#8230;]\n","protected":false},"featured_media":4911,"comment_status":"closed","ping_status":"open","template":"","meta":{"_acf_changed":false},"product_brand":[3272],"product_cat":[1184,1183,1185],"product_tag":[],"class_list":{"0":"post-4908","1":"product","2":"type-product","3":"status-publish","4":"has-post-thumbnail","6":"product_brand-drager","7":"product_cat-detectie_apparatuur","8":"product_cat-veiligheid","9":"product_cat-warmtedetectie","11":"first","12":"instock","13":"sold-individually","14":"purchasable","15":"product-type-simple"},"acf":[],"_links":{"self":[{"href":"https:\/\/florijnshipspares.com\/nl\/wp-json\/wp\/v2\/product\/4908","targetHints":{"allow":["GET"]}}],"collection":[{"href":"https:\/\/florijnshipspares.com\/nl\/wp-json\/wp\/v2\/product"}],"about":[{"href":"https:\/\/florijnshipspares.com\/nl\/wp-json\/wp\/v2\/types\/product"}],"replies":[{"embeddable":true,"href":"https:\/\/florijnshipspares.com\/nl\/wp-json\/wp\/v2\/comments?post=4908"}],"wp:featuredmedia":[{"embeddable":true,"href":"https:\/\/florijnshipspares.com\/nl\/wp-json\/wp\/v2\/media\/4911"}],"wp:attachment":[{"href":"https:\/\/florijnshipspares.com\/nl\/wp-json\/wp\/v2\/media?parent=4908"}],"wp:term":[{"taxonomy":"product_brand","embeddable":true,"href":"https:\/\/florijnshipspares.com\/nl\/wp-json\/wp\/v2\/product_brand?post=4908"},{"taxonomy":"product_cat","embeddable":true,"href":"https:\/\/florijnshipspares.com\/nl\/wp-json\/wp\/v2\/product_cat?post=4908"},{"taxonomy":"product_tag","embeddable":true,"href":"https:\/\/florijnshipspares.com\/nl\/wp-json\/wp\/v2\/product_tag?post=4908"}],"curies":[{"name":"wp","href":"https:\/\/api.w.org\/{rel}","templated":true}]}}