{"id":4922,"date":"2025-07-30T19:17:17","date_gmt":"2025-07-30T17:17:17","guid":{"rendered":"https:\/\/florijnshipspares.com\/product\/drager-brandweerhelm-hps-7000-pro-wit-voorplaat-mat-zwart\/"},"modified":"2025-07-30T19:21:05","modified_gmt":"2025-07-30T17:21:05","slug":"drager-brandweerhelm-hps-7000-pro-wit-voorplaat-mat-zwart","status":"publish","type":"product","link":"https:\/\/florijnshipspares.com\/nl\/product\/drager-brandweerhelm-hps-7000-pro-wit-voorplaat-mat-zwart\/","title":{"rendered":"Dr\u00e4ger brandweerhelm HPS 7000 PRO wit, voorplaat mat zwart"},"content":{"rendered":"<p>De multifunctionele Dr\u00e4ger HPS\u00ae 7000 brandweerhelm staat kwalitatief op eenzame hoogte. Het innovatieve, sportieve, dynamische ontwerp, ergonomische pasvorm en de componenten maken deze helm tot een multifunctionele systeemoplossing. De helm biedt optimale bescherming bij elke inzet.<br \/>\n<strong>Let op! De helm wordt geleverd zonder accessoires, accessoires kunnen apart besteld worden.<\/strong><\/p>\n<p><strong>Op maat gemaakt voor elk hoofd<\/strong><br \/>\nOm aan deze eis te kunnen voldoen, heeft Dr\u00e4ger de HPS 7000 in nauwe samenspraak met de klanten over de hele wereld ontwikkeld. De twee maten helmschalen voor hoofdmaten 50 tot 66 cm dekken een breed scala aan hoofd- en gelaatsvormen. De basisversie weegt slechts zo&#8217;n 1,38 kg en is daarmee een van de lichtste helmen in zijn klasse. De Dr\u00e4ger HPS 7000 onderscheidt zich niet alleen door het comfortabele binnenwerk van huidvriendelijke, anti-allergene en flexibele materialen, maar ook door zijn bedieningsgemak en draagcomfort.<\/p>\n<p><strong>Comfort is een kwestie van instelling<\/strong><br \/>\nMet het gevoerde 4-punts bandenstel kan de helm eenvoudig en veilig aan elke hoofdvorm worden aangepast. De optimale balans van de helm kan worden ingesteld met de nek- en kinbanden. De padding van Nomex\u00ae zorgt ook voor een comfortabele pasvorm. Met het ge\u00efntegreerde haarnet kan de hoogte worden afgesteld en dit zorgt bovendien voor een goed klimaat binnenin de helm. De hoofdwijdte kan ook tijdens een inzet snel worden aangepast door een gebruiksvriendelijk en beveiligd verstelwiel aan de buitenschaal \u2013 zelfs met natte en dikke handschoenen aan.<br \/>\nNomex is een gedeponeerd handelsmerk van het bedrijf DuPont.<\/p>\n<p><strong>Design in zijn krachtigste vorm<\/strong><br \/>\nHet ergonomische ontwerp van de helm verdeelt het gewicht gelijkmatig over het hoofd en ontlast de nekspieren. Het grote modern vormgegeven vizier zorgt voor een optimale gelaatsbescherming met een uitstekend zicht. Voor inzetten in gas- en chemicali\u00ebnpakken, kan het vizier ook permanent vast worden gezet. Een veilig alternatief is het ge\u00efntegreerde en individueel verstelbare oogbescherming vizier met softpad-randbescherming. Beide vizieren laten voldoende ruimte vrij voor een gelijktijdig gebruik met een persoonlijke correctiebril of met een volgelaatsmasker. Een brandweerhelm is meer dan een deel van de uitrusting &#8211; hij dient ook als persoonlijk herkenningsteken. Daarom kunt u de helm ook naar uw eigen voorkeur samenstellen: van een breed scala aan verschillende kleuren tot een uniek embleem op de frontplaat.<\/p>\n<p><strong>Innovatief systeemontwerp<\/strong><br \/>\nDr\u00e4ger stelt als leverancier van ge\u00efntegreerde systeemoplossingen nieuwe maatstaven voor de onderlinge compatibiliteit van zijn producten. Het universele verstelbare maskeradapter systeem van de Dr\u00e4ger HPS 7000 zorgt voor een sterke en veilige helm-masker-combinatie. Samen met het Dr\u00e4ger FPS 7000 volgelaatsmasker (Vooral als masker-helmcombinatie), het Dr\u00e4ger HPS-COM helmcommunicatiesysteem en \u00e9\u00e9n van de ademluchttoestellen uit de Dr\u00e4ger PSS-serie heeft u een optimaal con\ufb01gureerbaar totaalsysteem. De lichtgewicht led-helmlamp is ge\u00efntegreerd in de helmschaal en verlicht de volledige werkomgeving. De lamp is in het midden van de frontplaat ingebouwd en heeft een doelmatige afscherming tegen verblinding en een slim batterij management systeem. Het binnenwerk kan worden uitgerust met verschillende headsets voor verschillende portofoons. Hiermee is ook in omgevingen met veel lawaai een betrouwbare communicatie mogelijk.<\/p>\n<p><strong>Veiligheid voor alles &#8211; de materiaalmix maakt het verschil<\/strong><br \/>\nOndanks zijn lage gewicht is de multifunctionele Dr\u00e4ger HPS 7000 helm \u00e9\u00e9n van de veiligste helmen in zijn klasse. De buitenschaal van composietmateriaal zorgt samen met de binnenschaal van PUR-schuim voor een betrouwbare bescherming tegen thermische en mechanische invloeden. De met glasvezel en aramide weefsel verstevigde kunststof is bestand tegen extreme temperaturen. De helm is zelfs bestand tegen de enorme stralingshitte en de inwerking van vlammen bij een vlamoverslag. De vizieren zijn gemaakt van uiterst temperatuurbestendig polyethersulfoon voor een betrouwbare bescherming van uw ogen en gezicht tegen hitte, deeltjes en vloeibare chemicali\u00ebn.<\/p>\n<p><strong>Aan alles is gedacht<\/strong><br \/>\nEen uitgebreid pakket toebehoren completeert het Dr\u00e4ger programma. Re\ufb02ecterende striping verbetert de zichtbaarheid onder ongunstige omstandigheden en maakt personalisering mogelijk. De verschillende neklappen zijn afgestemd op uw kleding en houden uw rug vrij. Externe helmlampen worden met een lamp adapter aan de linker- en\/of rechterkant van de helm bevestigd. Een Nomex\u00ae helmhoes beschermt de brandweerhelm in trainingssituaties en verlengt de levensduur. De helmzakken en helmtassen zorgen voor een veilige opslag en transport.<\/p>\n<p><strong>In een handomdraai opnieuw inzetbaar<\/strong><br \/>\nDe Dr\u00e4ger HPS 7000 brandweerhelm is eenvoudig en e\ufb03ci\u00ebnt te onderhouden, dankzij het kleine aantal onderdelen. Het volledige binnenwerk kan met een paar handelingen worden verwijderd en opnieuw worden gemonteerd. U kunt de afzonderlijke onderdelen snel en gemakkelijk met gebruik van standaard gereedschap vervangen. Alle helmonderdelen kunnen met de hand of in een industri\u00eble wasmachine worden gereinigd en gedesinfecteerd.<\/p>\n<hr>\n<p><strong><br \/>\n<\/strong><\/p>\n","protected":false},"excerpt":{"rendered":"<p>De multifunctionele Dr\u00e4ger HPS\u00ae 7000 brandweerhelm staat kwalitatief op eenzame hoogte. Het innovatieve, sportieve, dynamische ontwerp, ergonomische pasvorm en de componenten maken deze helm tot een multifunctionele systeemoplossing. De helm biedt optimale bescherming bij elke inzet. Let op! De helm wordt geleverd zonder accessoires, accessoires kunnen apart besteld worden. Op maat gemaakt voor elk hoofd [&#8230;]\n","protected":false},"featured_media":4925,"comment_status":"closed","ping_status":"open","template":"","meta":{"_acf_changed":false},"product_brand":[3272],"product_cat":[1186,1189,1978,1183],"product_tag":[],"class_list":{"0":"post-4922","1":"product","2":"type-product","3":"status-publish","4":"has-post-thumbnail","6":"product_brand-drager","7":"product_cat-brandbestrijding","8":"product_cat-brandweeruitrusting","9":"product_cat-uitrusiting","10":"product_cat-veiligheid","12":"first","13":"instock","14":"sold-individually","15":"purchasable","16":"product-type-simple"},"acf":[],"_links":{"self":[{"href":"https:\/\/florijnshipspares.com\/nl\/wp-json\/wp\/v2\/product\/4922","targetHints":{"allow":["GET"]}}],"collection":[{"href":"https:\/\/florijnshipspares.com\/nl\/wp-json\/wp\/v2\/product"}],"about":[{"href":"https:\/\/florijnshipspares.com\/nl\/wp-json\/wp\/v2\/types\/product"}],"replies":[{"embeddable":true,"href":"https:\/\/florijnshipspares.com\/nl\/wp-json\/wp\/v2\/comments?post=4922"}],"wp:featuredmedia":[{"embeddable":true,"href":"https:\/\/florijnshipspares.com\/nl\/wp-json\/wp\/v2\/media\/4925"}],"wp:attachment":[{"href":"https:\/\/florijnshipspares.com\/nl\/wp-json\/wp\/v2\/media?parent=4922"}],"wp:term":[{"taxonomy":"product_brand","embeddable":true,"href":"https:\/\/florijnshipspares.com\/nl\/wp-json\/wp\/v2\/product_brand?post=4922"},{"taxonomy":"product_cat","embeddable":true,"href":"https:\/\/florijnshipspares.com\/nl\/wp-json\/wp\/v2\/product_cat?post=4922"},{"taxonomy":"product_tag","embeddable":true,"href":"https:\/\/florijnshipspares.com\/nl\/wp-json\/wp\/v2\/product_tag?post=4922"}],"curies":[{"name":"wp","href":"https:\/\/api.w.org\/{rel}","templated":true}]}}