{"id":4928,"date":"2025-07-30T19:17:36","date_gmt":"2025-07-30T17:17:36","guid":{"rendered":"https:\/\/florijnshipspares.com\/product\/drager-fps-7000-masker-p-epdm-m2-pc-cr\/"},"modified":"2025-07-30T19:21:05","modified_gmt":"2025-07-30T17:21:05","slug":"drager-fps-7000-masker-p-epdm-m2-pc-cr","status":"publish","type":"product","link":"https:\/\/florijnshipspares.com\/nl\/product\/drager-fps-7000-masker-p-epdm-m2-pc-cr\/","title":{"rendered":"Dr\u00e4ger FPS 7000 masker P-EPDM-M2-PC-CR"},"content":{"rendered":"<p>De serie Dr\u00e4ger FPS 7000 volgelaatsmaskers stelt nieuwe normen op het gebied van veiligheid en draagcomfort. Dankzij de verbeterde ergonomie en de beschikbaarheid van meerdere maten, biedt het masker een groot geoptimaliseerd gezichtsveld en een zeer comfortabele en vooral veilige pasvorm.<\/p>\n<p><strong>Gezichtsveld en maskerlichaam<\/strong><br \/>\nHet moderne volgelaatsmasker Dr\u00e4ger FPS 7000 heeft een groot vervormingsvrij polycarbonaat vizier, waardoor je ook in moeilijke situaties een uitzonderlijk breed gezichtsveld hebt. Het vizier beslaat niet door een doordachte luchtcirculatie en is verkrijgbaar met verschillende coatings. Het maskerlichaam van hypoallergene siliconen of EPDM zorgt voor een bijzonder comfortabele pasvorm.<\/p>\n<p><strong>Fit<\/strong><br \/>\nHet volgelaatsmasker Dr\u00e4ger FPS 7000 heeft een uitstekende pasvorm op hoofd en gezicht. Het ergonomische hoofdharnas en de dubbele afdichtingslijn zorgen voor een veilige en comfortabele pasvorm op alle gezichtsvormen en contouren. Het hoofdharnas van de Dr\u00e4ger FPS 7000 zorgt er ook voor dat het masker gemakkelijk en snel kan worden op- en afgedaan.<\/p>\n<p><strong>Masker-helm combinatie<\/strong><br \/>\nVoor degenen die masker-helmcombinaties gebruiken, biedt de nieuw ontwikkelde adapter een nieuw niveau van veiligheid. Bij het combineren van bijvoorbeeld de Dr\u00e4ger HPS 6200 \/ 7000 met het nieuwe volgelaatsmasker, voorkomt de nieuw ontwikkelde en gepatenteerde Dr\u00e4ger Q-fix verbinding het onbedoeld losraken van het opzetstuk. Ge\u00efntegreerde accessoires Het nieuw ontwikkelde communicatiesysteem Dr\u00e4ger FPS-COM past zich optimaal aan het ontwerp en de ergonomie van het masker aan. Afhankelijk van wat nodig is, kan het worden gekozen met verschillende modules en biedt het de optimale oplossing voor elke communicatie in het veld. Of het nu radio, spraak, versterker of head-up display is, alles kan direct in het masker worden ge\u00efntegreerd en is eenvoudig te gebruiken.<\/p>\n<p><strong>Modulariteit<\/strong><br \/>\nUiteraard besteedt Dr\u00e4ger Safety veel aandacht aan de behoeften van onze klanten. Het volgelaatsmasker Dr\u00e4ger FPS 7000 is niet alleen veiliger en comfortabeler; het heeft ook meer flexibele opties dan eerdere modellen. Wat er ook nodig is tijdens het gebruik: het is snel bevestigd en klaar voor gebruik.<\/p>\n<p><strong>Onderhoud<\/strong><br \/>\nDe speciale accessoires en het eenvoudige onderhoud van alle maskeronderdelen maken de Dr\u00e4ger FPS 7000 niet alleen zeer zuinig en onderhoudsvriendelijk, maar ook flexibel en veelzijdig in het gebruik.<\/p>\n<hr>\n<p><strong><\/strong><\/p>\n","protected":false},"excerpt":{"rendered":"<p>De serie Dr\u00e4ger FPS 7000 volgelaatsmaskers stelt nieuwe normen op het gebied van veiligheid en draagcomfort. Dankzij de verbeterde ergonomie en de beschikbaarheid van meerdere maten, biedt het masker een groot geoptimaliseerd gezichtsveld en een zeer comfortabele en vooral veilige pasvorm. Gezichtsveld en maskerlichaam Het moderne volgelaatsmasker Dr\u00e4ger FPS 7000 heeft een groot vervormingsvrij polycarbonaat [&#8230;]\n","protected":false},"featured_media":4930,"comment_status":"closed","ping_status":"open","template":"","meta":{"_acf_changed":false},"product_brand":[3272],"product_cat":[1939,1194,1193,1183],"product_tag":[],"class_list":{"0":"post-4928","1":"product","2":"type-product","3":"status-publish","4":"has-post-thumbnail","6":"product_brand-drager","7":"product_cat-accessoires_ademluchtapparatuur","8":"product_cat-ademluchtapparatuur","9":"product_cat-reddingsmiddelen","10":"product_cat-veiligheid","12":"first","13":"instock","14":"sold-individually","15":"purchasable","16":"product-type-simple"},"acf":[],"_links":{"self":[{"href":"https:\/\/florijnshipspares.com\/nl\/wp-json\/wp\/v2\/product\/4928","targetHints":{"allow":["GET"]}}],"collection":[{"href":"https:\/\/florijnshipspares.com\/nl\/wp-json\/wp\/v2\/product"}],"about":[{"href":"https:\/\/florijnshipspares.com\/nl\/wp-json\/wp\/v2\/types\/product"}],"replies":[{"embeddable":true,"href":"https:\/\/florijnshipspares.com\/nl\/wp-json\/wp\/v2\/comments?post=4928"}],"wp:featuredmedia":[{"embeddable":true,"href":"https:\/\/florijnshipspares.com\/nl\/wp-json\/wp\/v2\/media\/4930"}],"wp:attachment":[{"href":"https:\/\/florijnshipspares.com\/nl\/wp-json\/wp\/v2\/media?parent=4928"}],"wp:term":[{"taxonomy":"product_brand","embeddable":true,"href":"https:\/\/florijnshipspares.com\/nl\/wp-json\/wp\/v2\/product_brand?post=4928"},{"taxonomy":"product_cat","embeddable":true,"href":"https:\/\/florijnshipspares.com\/nl\/wp-json\/wp\/v2\/product_cat?post=4928"},{"taxonomy":"product_tag","embeddable":true,"href":"https:\/\/florijnshipspares.com\/nl\/wp-json\/wp\/v2\/product_tag?post=4928"}],"curies":[{"name":"wp","href":"https:\/\/api.w.org\/{rel}","templated":true}]}}