{"id":4951,"date":"2025-07-30T19:18:22","date_gmt":"2025-07-30T17:18:22","guid":{"rendered":"https:\/\/florijnshipspares.com\/product\/drager-tas-voor-brandweeroutfit-apparatuur-niet-inbegrepen\/"},"modified":"2025-07-30T19:21:13","modified_gmt":"2025-07-30T17:21:13","slug":"drager-tas-voor-brandweeroutfit-apparatuur-niet-inbegrepen","status":"publish","type":"product","link":"https:\/\/florijnshipspares.com\/nl\/product\/drager-tas-voor-brandweeroutfit-apparatuur-niet-inbegrepen\/","title":{"rendered":"Dr\u00e4ger tas voor brandweeroutfit (Apparatuur niet inbegrepen)"},"content":{"rendered":"<p>Tas om brandweerpak in op te bergen.<\/p>\n<p><strong>Geschikt voor<\/strong><\/p>\n<ul>\n<li>1 x Dr\u00e4ger Nomex brandweerpak<\/li>\n<li>1 x Dr\u00e4ger HPS 4500 brandweerhelm, met nekbescherming en vizier<\/li>\n<li>1 x Dr\u00e4ger brandweerhandschoenen EN 659 (2003), MED goedgekeurd<\/li>\n<li>1 x Brandweerlaarzen SA<\/li>\n<\/ul>\n<p><strong><\/strong><\/p>\n","protected":false},"excerpt":{"rendered":"<p>Tas om brandweerpak in op te bergen. Geschikt voor 1 x Dr\u00e4ger Nomex brandweerpak 1 x Dr\u00e4ger HPS 4500 brandweerhelm, met nekbescherming en vizier 1 x Dr\u00e4ger brandweerhandschoenen EN 659 (2003), MED goedgekeurd 1 x Brandweerlaarzen SA<\/p>\n","protected":false},"featured_media":4953,"comment_status":"closed","ping_status":"open","template":"","meta":{"_acf_changed":false},"product_brand":[3272],"product_cat":[1186,1189,1978,1183],"product_tag":[],"class_list":{"0":"post-4951","1":"product","2":"type-product","3":"status-publish","4":"has-post-thumbnail","6":"product_brand-drager","7":"product_cat-brandbestrijding","8":"product_cat-brandweeruitrusting","9":"product_cat-uitrusiting","10":"product_cat-veiligheid","12":"first","13":"instock","14":"sold-individually","15":"purchasable","16":"product-type-simple"},"acf":[],"_links":{"self":[{"href":"https:\/\/florijnshipspares.com\/nl\/wp-json\/wp\/v2\/product\/4951","targetHints":{"allow":["GET"]}}],"collection":[{"href":"https:\/\/florijnshipspares.com\/nl\/wp-json\/wp\/v2\/product"}],"about":[{"href":"https:\/\/florijnshipspares.com\/nl\/wp-json\/wp\/v2\/types\/product"}],"replies":[{"embeddable":true,"href":"https:\/\/florijnshipspares.com\/nl\/wp-json\/wp\/v2\/comments?post=4951"}],"wp:featuredmedia":[{"embeddable":true,"href":"https:\/\/florijnshipspares.com\/nl\/wp-json\/wp\/v2\/media\/4953"}],"wp:attachment":[{"href":"https:\/\/florijnshipspares.com\/nl\/wp-json\/wp\/v2\/media?parent=4951"}],"wp:term":[{"taxonomy":"product_brand","embeddable":true,"href":"https:\/\/florijnshipspares.com\/nl\/wp-json\/wp\/v2\/product_brand?post=4951"},{"taxonomy":"product_cat","embeddable":true,"href":"https:\/\/florijnshipspares.com\/nl\/wp-json\/wp\/v2\/product_cat?post=4951"},{"taxonomy":"product_tag","embeddable":true,"href":"https:\/\/florijnshipspares.com\/nl\/wp-json\/wp\/v2\/product_tag?post=4951"}],"curies":[{"name":"wp","href":"https:\/\/api.w.org\/{rel}","templated":true}]}}