{"id":5698,"date":"2025-07-31T09:37:44","date_gmt":"2025-07-31T07:37:44","guid":{"rendered":"https:\/\/florijnshipspares.com\/product\/drager-geisoleerde-brandweerbijl-lengte-32-cm-2\/"},"modified":"2025-07-31T10:04:23","modified_gmt":"2025-07-31T08:04:23","slug":"drager-geisoleerde-brandweerbijl-lengte-32-cm-2","status":"publish","type":"product","link":"https:\/\/florijnshipspares.com\/nl\/product\/drager-geisoleerde-brandweerbijl-lengte-32-cm-2\/","title":{"rendered":"Dr\u00e4ger ge\u00efsoleerde brandweerbijl lengte 32 cm"},"content":{"rendered":"<p>Ge\u00efsoleerde brandweerbijl met leren etui.<\/p>\n<p><strong>Toepassingen<\/strong><br \/>\nBrandweerafdeling, bijl wordt voornamelijk gebruikt voor het afbreken van deuren en ramen.<\/p>\n<p><strong>Eigenschappen bijl<\/strong><\/p>\n<ul>\n<li>Handvat is gemaakt van rubber<\/li>\n<li>Kan in het brandbestrijdings harnas worden gedragen<\/li>\n<li>Gebruikt door brandweerlieden in de scheepvaart en offshore<\/li>\n<\/ul>\n<hr>\n<p><strong> <\/strong><\/p>\n","protected":false},"excerpt":{"rendered":"<p>Ge\u00efsoleerde brandweerbijl met leren etui. Toepassingen Brandweerafdeling, bijl wordt voornamelijk gebruikt voor het afbreken van deuren en ramen. Eigenschappen bijl Handvat is gemaakt van rubber Kan in het brandbestrijdings harnas worden gedragen Gebruikt door brandweerlieden in de scheepvaart en offshore<\/p>\n","protected":false},"featured_media":5700,"comment_status":"closed","ping_status":"open","template":"","meta":{"_acf_changed":false},"product_brand":[3272],"product_cat":[1186,1189,1978,1183],"product_tag":[],"class_list":{"0":"post-5698","1":"product","2":"type-product","3":"status-publish","4":"has-post-thumbnail","6":"product_brand-drager","7":"product_cat-brandbestrijding","8":"product_cat-brandweeruitrusting","9":"product_cat-uitrusiting","10":"product_cat-veiligheid","12":"first","13":"instock","14":"sold-individually","15":"purchasable","16":"product-type-variable"},"acf":[],"_links":{"self":[{"href":"https:\/\/florijnshipspares.com\/nl\/wp-json\/wp\/v2\/product\/5698","targetHints":{"allow":["GET"]}}],"collection":[{"href":"https:\/\/florijnshipspares.com\/nl\/wp-json\/wp\/v2\/product"}],"about":[{"href":"https:\/\/florijnshipspares.com\/nl\/wp-json\/wp\/v2\/types\/product"}],"replies":[{"embeddable":true,"href":"https:\/\/florijnshipspares.com\/nl\/wp-json\/wp\/v2\/comments?post=5698"}],"wp:featuredmedia":[{"embeddable":true,"href":"https:\/\/florijnshipspares.com\/nl\/wp-json\/wp\/v2\/media\/5700"}],"wp:attachment":[{"href":"https:\/\/florijnshipspares.com\/nl\/wp-json\/wp\/v2\/media?parent=5698"}],"wp:term":[{"taxonomy":"product_brand","embeddable":true,"href":"https:\/\/florijnshipspares.com\/nl\/wp-json\/wp\/v2\/product_brand?post=5698"},{"taxonomy":"product_cat","embeddable":true,"href":"https:\/\/florijnshipspares.com\/nl\/wp-json\/wp\/v2\/product_cat?post=5698"},{"taxonomy":"product_tag","embeddable":true,"href":"https:\/\/florijnshipspares.com\/nl\/wp-json\/wp\/v2\/product_tag?post=5698"}],"curies":[{"name":"wp","href":"https:\/\/api.w.org\/{rel}","templated":true}]}}